{"id":161,"date":"2016-12-28T14:45:55","date_gmt":"2016-12-28T14:45:55","guid":{"rendered":"http:\/\/autozehnderag.ch\/?page_id=161"},"modified":"2025-09-22T13:13:54","modified_gmt":"2025-09-22T13:13:54","slug":"friends","status":"publish","type":"page","link":"https:\/\/autozehnderag.ch\/?page_id=161","title":{"rendered":"Friends\/Links"},"content":{"rendered":"<h1><em><strong><span style=\"color: #ff0000;\">BEAUTY<\/span><\/strong><\/em><\/h1>\n<p><span style=\"color: #ff0000;\">Coiffure Gabriela Tobler Guntershausen: 052 365 14 90<\/span><\/p>\n<h1><strong><em><span style=\"color: #ff0000;\">AUS- UND WEITERBILDUNG<\/span><\/em><\/strong><\/h1>\n<p><a href=\"http:\/\/www.ursetter.ch\/\">Urs Etter<\/a><\/p>\n<h1><strong><em><span style=\"color: #ff0000;\">FAHRZEUGHERSTELLER<\/span><\/em><\/strong><\/h1>\n<p><a href=\"https:\/\/www.mitsubishi-motors.ch\/\">Mitsubishi<\/a><\/p>\n<p><a href=\"http:\/\/suzuki.ch\/\">SUZUKI<\/a><\/p>\n<h1><strong><em><span style=\"color: #ff0000;\">SPORT &amp; FITNESS<\/span><\/em><\/strong><\/h1>\n<p><a href=\"http:\/\/www.charlys.ch\/\">Charly&#8217;s<\/a><\/p>\n<p><a href=\"http:\/\/www.pilatesandmore.ch\/\">Pilatesandmore<\/a><\/p>\n<p><a href=\"http:\/\/www.fc-waengi.ch\/\">FC W\u00e4ngi<\/a><\/p>\n<p><a href=\"http:\/\/www.fbv-ettenhausen.ch\">FBV Ettenhausen<\/a><\/p>\n<h1><strong><em><span style=\"color: #ff0000;\">TIERFREUNDE<\/span><\/em><\/strong><\/h1>\n<p><a href=\"https:\/\/www.stmz.ch\">Schweizerische Tiermeldezentrale<\/a><\/p>\n<p><a href=\"https:\/\/www.susyutzinger.ch\">Susi Utzinger &#8211; Stiftung f\u00fcr Tierschutz<\/a><\/p>\n<h1><strong><em><span style=\"color: #ff0000;\">GAUMENFREUDEN<\/span><\/em><\/strong><\/h1>\n<p><a href=\"http:\/\/www.linde-waengi.ch\/\">Gasthof Linde W\u00e4ngi<\/a><\/p>\n<p><a href=\"http:\/\/www.frieden-wila.ch\">Rest. Frieden Wila<\/a><\/p>\n<p><a href=\"http:\/\/www.thewhiskyshop.ch\">The Whiskyshop in Busswil<\/a><\/p>\n<p><a href=\"https:\/\/www.zehndis-metzg.ch\">zehndis-metzg.ch<\/a><\/p>\n<h1><em><strong><span style=\"color: #ff0000;\">WOHNEN<\/span><\/strong><\/em><\/h1>\n<p><a href=\"http:\/\/www.zehnder-schreinerei.ch\/\">Zehnder Schreinerei GmbH Ettenhausen\/AZE<\/a><\/p>\n<h1><em><strong><span style=\"color: #ff0000;\">VEREINE<\/span><\/strong><\/em><\/h1>\n<p><a href=\"http:\/\/www.bme.ch\">B\u00fcrgermusik Ettenhausen<\/a><\/p>\n<h1><em><strong><span style=\"color: #ff0000;\">FREIZEIT &amp; KULTURELLES<\/span><\/strong><\/em><\/h1>\n<p><a href=\"http:\/\/www.alpsteinheli.ch\">Alpstein Heli AG<\/a><\/p>\n","protected":false},"excerpt":{"rendered":"<p>BEAUTY Coiffure Gabriela Tobler Guntershausen: 052 365 14 90 AUS- UND WEITERBILDUNG Urs Etter FAHRZEUGHERSTELLER Mitsubishi SUZUKI SPORT &amp; FITNESS Charly&#8217;s Pilatesandmore FC W\u00e4ngi FBV Ettenhausen TIERFREUNDE Schweizerische Tiermeldezentrale Susi Utzinger &#8211; Stiftung f\u00fcr Tierschutz GAUMENFREUDEN Gasthof Linde W\u00e4ngi Rest. Frieden Wila The Whiskyshop in Busswil zehndis-metzg.ch WOHNEN Zehnder Schreinerei GmbH Ettenhausen\/AZE VEREINE B\u00fcrgermusik Ettenhausen [&hellip;]<\/p>\n","protected":false},"author":1,"featured_media":0,"parent":0,"menu_order":0,"comment_status":"closed","ping_status":"closed","template":"","meta":{"footnotes":""},"class_list":["post-161","page","type-page","status-publish","czr-hentry"],"_links":{"self":[{"href":"https:\/\/autozehnderag.ch\/index.php?rest_route=\/wp\/v2\/pages\/161","targetHints":{"allow":["GET"]}}],"collection":[{"href":"https:\/\/autozehnderag.ch\/index.php?rest_route=\/wp\/v2\/pages"}],"about":[{"href":"https:\/\/autozehnderag.ch\/index.php?rest_route=\/wp\/v2\/types\/page"}],"author":[{"embeddable":true,"href":"https:\/\/autozehnderag.ch\/index.php?rest_route=\/wp\/v2\/users\/1"}],"replies":[{"embeddable":true,"href":"https:\/\/autozehnderag.ch\/index.php?rest_route=%2Fwp%2Fv2%2Fcomments&post=161"}],"version-history":[{"count":30,"href":"https:\/\/autozehnderag.ch\/index.php?rest_route=\/wp\/v2\/pages\/161\/revisions"}],"predecessor-version":[{"id":1396,"href":"https:\/\/autozehnderag.ch\/index.php?rest_route=\/wp\/v2\/pages\/161\/revisions\/1396"}],"wp:attachment":[{"href":"https:\/\/autozehnderag.ch\/index.php?rest_route=%2Fwp%2Fv2%2Fmedia&parent=161"}],"curies":[{"name":"wp","href":"https:\/\/api.w.org\/{rel}","templated":true}]}}